{"id":543,"date":"2022-09-16T18:46:10","date_gmt":"2022-09-16T18:46:10","guid":{"rendered":"https:\/\/www.mecoart.com\/?page_id=543"},"modified":"2022-10-20T12:54:08","modified_gmt":"2022-10-20T12:54:08","slug":"de-nosotros","status":"publish","type":"page","link":"https:\/\/www.mecoart.com\/es\/de-nosotros\/","title":{"rendered":"De nosotros"},"content":{"rendered":"<p>[et_pb_section fb_built=\u00bb1&#8243; custom_padding_last_edited=\u00bbon|desktop\u00bb _builder_version=\u00bb4.17.6&#8243; _module_preset=\u00bbdefault\u00bb custom_margin_tablet=\u00bb\u00bb custom_margin_phone=\u00bb\u00bb custom_margin_last_edited=\u00bbon|tablet\u00bb custom_padding=\u00bb50px||50px||true|false\u00bb custom_padding_tablet=\u00bb10px||10px||true|false\u00bb custom_padding_phone=\u00bb10px||10px||true|false\u00bb global_colors_info=\u00bb{}\u00bb theme_builder_area=\u00bbpost_content\u00bb][et_pb_row _builder_version=\u00bb4.16&#8243; _module_preset=\u00bbdefault\u00bb global_colors_info=\u00bb{}\u00bb theme_builder_area=\u00bbpost_content\u00bb][et_pb_column type=\u00bb4_4&#8243; _builder_version=\u00bb4.16&#8243; _module_preset=\u00bbdefault\u00bb global_colors_info=\u00bb{}\u00bb theme_builder_area=\u00bbpost_content\u00bb][et_pb_text _builder_version=\u00bb4.18.0&#8243; _module_preset=\u00bbf180d0f5-3068-4c49-8dc6-64bbe8fda7f5&#8243; text_font=\u00bb||||||||\u00bb header_font=\u00bb||||||||\u00bb header_text_align=\u00bbleft\u00bb header_text_color=\u00bb#18c08f\u00bb header_2_text_color=\u00bb#7e7e7e\u00bb module_alignment=\u00bbleft\u00bb custom_margin=\u00bb||0px||false|false\u00bb animation_style=\u00bbfade\u00bb border_color_bottom=\u00bb#dddddd\u00bb global_colors_info=\u00bb{}\u00bb theme_builder_area=\u00bbpost_content\u00bb]<\/p>\n<h2>Ofrezco mis servicios de soldadura tanto para profesionales como para particulares. <\/h2>\n<p>[\/et_pb_text][et_pb_text _builder_version=\u00bb4.18.0&#8243; _module_preset=\u00bb06419b07-79c6-4fdb-b6d3-98f2144dd5b3&#8243; header_text_color=\u00bb#63676a\u00bb global_colors_info=\u00bb{}\u00bb theme_builder_area=\u00bbpost_content\u00bb]<\/p>\n<h1>Soldador Aut\u00f3nomo, Homologado<\/h1>\n<p>[\/et_pb_text][et_pb_divider color=\u00bb#dddddd\u00bb divider_weight=\u00bb10px\u00bb _builder_version=\u00bb4.18.0&#8243; _module_preset=\u00bbdefault\u00bb max_width=\u00bb100px\u00bb module_alignment=\u00bbleft\u00bb animation_style=\u00bbzoom\u00bb animation_starting_opacity=\u00bb20%\u00bb global_colors_info=\u00bb{}\u00bb theme_builder_area=\u00bbpost_content\u00bb][\/et_pb_divider][\/et_pb_column][\/et_pb_row][et_pb_row column_structure=\u00bb2_3,1_3&#8243; _builder_version=\u00bb4.18.0&#8243; _module_preset=\u00bbdefault\u00bb custom_padding=\u00bb10px||10px||true|false\u00bb global_colors_info=\u00bb{}\u00bb theme_builder_area=\u00bbpost_content\u00bb][et_pb_column type=\u00bb2_3&#8243; _builder_version=\u00bb4.16&#8243; _module_preset=\u00bbdefault\u00bb global_colors_info=\u00bb{}\u00bb theme_builder_area=\u00bbpost_content\u00bb][et_pb_text _builder_version=\u00bb4.18.0&#8243; _module_preset=\u00bbdefault\u00bb text_font_size=\u00bb16px\u00bb global_colors_info=\u00bb{}\u00bb theme_builder_area=\u00bbpost_content\u00bb]<\/p>\n<ul>\n<li>Calderer\u00eda industrial.<\/li>\n<li>Salas de Calderas.<\/li>\n<li>Oleoductos, Gasoductos, Tuber\u00edas de agua industrial<\/li>\n<li>Soldadura de tuber\u00edas de alta presi\u00f3n, vapor.<\/li>\n<li>Instalaciones de tuber\u00eda agua potable,<\/li>\n<li>Tuber\u00edas de instalaciones Biogas, Biomasa<\/li>\n<li>Soldadura de Estructuras met\u00e1licas, Escaleras<\/li>\n<li>Soldadura TIG 141<\/li>\n<li>Electrodo MMA 111<\/li>\n<li>Tubos de alta presi\u00f3n, vapor 141\/111<\/li>\n<li>Soldadura al Espejo<\/li>\n<li>Soldadura para inspecci\u00f3n de Radiograf\u00eda, Ultras\u00f3nico<\/li>\n<li>Homologado para soldar en zanjas (141\/111)<\/li>\n<li>Soldadura de estructuras met\u00e1licas (111)<\/li>\n<li>Tuber\u00edas de acero y aleaciones especiales.<\/li>\n<\/ul>\n<p>[\/et_pb_text][\/et_pb_column][et_pb_column type=\u00bb1_3&#8243; _builder_version=\u00bb4.18.0&#8243; _module_preset=\u00bbdefault\u00bb background_color=\u00bb#63676a\u00bb global_colors_info=\u00bb{}\u00bb theme_builder_area=\u00bbpost_content\u00bb][et_pb_blurb title=\u00bbCursos, Homlogaciones:\u00bb use_icon=\u00bbon\u00bb font_icon=\u00bb&#xf19d;||fa||900&#8243; icon_color=\u00bb#FFFFFF\u00bb icon_placement=\u00bbleft\u00bb image_icon_width=\u00bb45px\u00bb _builder_version=\u00bb4.18.0&#8243; _module_preset=\u00bbdefault\u00bb header_font=\u00bb|600||on|||||\u00bb header_text_color=\u00bb#FFFFFF\u00bb header_font_size=\u00bb21px\u00bb background_color=\u00bb#63676a\u00bb custom_padding=\u00bb40px|25px||25px|false|true\u00bb hover_enabled=\u00bb0&#8243; global_colors_info=\u00bb{}\u00bb theme_builder_area=\u00bbpost_content\u00bb custom_padding_last_edited=\u00bbon|phone\u00bb sticky_enabled=\u00bb0&#8243; custom_padding_phone=\u00bb|10px||10px|false|true\u00bb custom_padding_tablet=\u00bb40px|25px||25px|false|true\u00bb][\/et_pb_blurb][et_pb_text ul_type=\u00bbcircle\u00bb _builder_version=\u00bb4.18.0&#8243; _module_preset=\u00bbdefault\u00bb text_text_color=\u00bb#FFFFFF\u00bb text_line_height=\u00bb1.3em\u00bb header_4_font=\u00bb|600||on|||||\u00bb header_4_text_color=\u00bb#FFFFFF\u00bb header_4_font_size=\u00bb16px\u00bb background_enable_color=\u00bboff\u00bb custom_padding=\u00bb0px|50px|40px|50px|false|true\u00bb global_colors_info=\u00bb%91%93&#8243; theme_builder_area=\u00bbpost_content\u00bb]<\/p>\n<ul>\n<li>Curso 60h p.r.l.<\/li>\n<li>Curso de tpc metal &#8211; 6h<\/li>\n<li>Formacion p.r.l. 2h<\/li>\n<li>Certificado SCC<\/li>\n<li>Certificados de soldadura T\u00dcV ISO 9606-1:. FM3 , FM4 , FM5 , FM6 , 141, 111, 141\/111, grupos de materiales 6.1, 6.4, 8.1<\/li>\n<\/ul>\n<p>[\/et_pb_text][\/et_pb_column][\/et_pb_row][et_pb_row _builder_version=\u00bb4.18.0&#8243; _module_preset=\u00bbdefault\u00bb global_colors_info=\u00bb{}\u00bb theme_builder_area=\u00bbpost_content\u00bb][et_pb_column type=\u00bb4_4&#8243; _builder_version=\u00bb4.18.0&#8243; _module_preset=\u00bbdefault\u00bb global_colors_info=\u00bb{}\u00bb theme_builder_area=\u00bbpost_content\u00bb][et_pb_text _builder_version=\u00bb4.18.0&#8243; _module_preset=\u00bbdefault\u00bb text_font=\u00bb|600|||||||\u00bb text_font_size=\u00bb16px\u00bb header_font=\u00bb|600|||||||\u00bb global_colors_info=\u00bb{}\u00bb theme_builder_area=\u00bbpost_content\u00bb]<\/p>\n<p>Trabaj\u00e9 en la construcci\u00f3n de centrales el\u00e9ctricas, refiner\u00edas, oleoductos en pa\u00edses como: Alemania, Holanda, Polonia, Noruega, Finlandia.<\/p>\n<p>[\/et_pb_text][\/et_pb_column][\/et_pb_row][\/et_pb_section]<\/p>\n","protected":false},"excerpt":{"rendered":"<p>Ofrezco mis servicios de soldadura tanto para profesionales como para particulares. Soldador Aut\u00f3nomo, Homologado Calderer\u00eda industrial. Salas de Calderas. Oleoductos, Gasoductos, Tuber\u00edas de agua industrial Soldadura de tuber\u00edas de alta presi\u00f3n, vapor. Instalaciones de tuber\u00eda agua potable, Tuber\u00edas de instalaciones Biogas, Biomasa Soldadura de Estructuras met\u00e1licas, Escaleras Soldadura TIG 141 Electrodo MMA 111 Tubos de [&hellip;]<\/p>\n","protected":false},"author":1,"featured_media":48,"parent":0,"menu_order":0,"comment_status":"closed","ping_status":"closed","template":"","meta":{"_et_pb_use_builder":"on","_et_pb_old_content":"","_et_gb_content_width":"","footnotes":""},"class_list":["post-543","page","type-page","status-publish","has-post-thumbnail","hentry"],"_links":{"self":[{"href":"https:\/\/www.mecoart.com\/es\/wp-json\/wp\/v2\/pages\/543"}],"collection":[{"href":"https:\/\/www.mecoart.com\/es\/wp-json\/wp\/v2\/pages"}],"about":[{"href":"https:\/\/www.mecoart.com\/es\/wp-json\/wp\/v2\/types\/page"}],"author":[{"embeddable":true,"href":"https:\/\/www.mecoart.com\/es\/wp-json\/wp\/v2\/users\/1"}],"replies":[{"embeddable":true,"href":"https:\/\/www.mecoart.com\/es\/wp-json\/wp\/v2\/comments?post=543"}],"version-history":[{"count":0,"href":"https:\/\/www.mecoart.com\/es\/wp-json\/wp\/v2\/pages\/543\/revisions"}],"wp:featuredmedia":[{"embeddable":true,"href":"https:\/\/www.mecoart.com\/es\/wp-json\/wp\/v2\/media\/48"}],"wp:attachment":[{"href":"https:\/\/www.mecoart.com\/es\/wp-json\/wp\/v2\/media?parent=543"}],"curies":[{"name":"wp","href":"https:\/\/api.w.org\/{rel}","templated":true}]}}